{"id":790,"date":"2024-03-24T15:15:09","date_gmt":"2024-03-24T14:15:09","guid":{"rendered":"https:\/\/reitverein-tellingstedt.de\/?page_id=790"},"modified":"2025-07-03T22:14:35","modified_gmt":"2025-07-03T20:14:35","slug":"wichtige-hinweise","status":"publish","type":"page","link":"https:\/\/reitverein-tellingstedt.de\/index.php\/wichtige-hinweise\/","title":{"rendered":"Wichtige Hinweise"},"content":{"rendered":"\t\t<div data-elementor-type=\"wp-post\" data-elementor-id=\"790\" class=\"elementor elementor-790\" data-elementor-post-type=\"page\">\n\t\t\t\t\t\t<section class=\"elementor-section elementor-top-section elementor-element elementor-element-19a4c74 elementor-section-boxed elementor-section-height-default elementor-section-height-default\" data-id=\"19a4c74\" data-element_type=\"section\" data-e-type=\"section\">\n\t\t\t\t\t\t<div class=\"elementor-container elementor-column-gap-default\">\n\t\t\t\t\t<div class=\"elementor-column elementor-col-50 elementor-top-column elementor-element elementor-element-f8ee0f9\" data-id=\"f8ee0f9\" data-element_type=\"column\" data-e-type=\"column\">\n\t\t\t<div class=\"elementor-widget-wrap elementor-element-populated\">\n\t\t\t\t\t\t<div class=\"elementor-element elementor-element-7b7e6ed elementor-widget elementor-widget-image\" data-id=\"7b7e6ed\" data-element_type=\"widget\" data-e-type=\"widget\" data-widget_type=\"image.default\">\n\t\t\t\t<div class=\"elementor-widget-container\">\n\t\t\t\t\t\t\t\t\t\t\t\t\t\t\t<img fetchpriority=\"high\" decoding=\"async\" width=\"800\" height=\"600\" src=\"https:\/\/reitverein-tellingstedt.de\/wp-content\/uploads\/2025\/07\/e3917385-ae70-4fdb-bef7-c1a057fa1a79-1024x768.jpg\" class=\"attachment-large size-large wp-image-1588\" alt=\"\" srcset=\"https:\/\/reitverein-tellingstedt.de\/wp-content\/uploads\/2025\/07\/e3917385-ae70-4fdb-bef7-c1a057fa1a79-1024x768.jpg 1024w, https:\/\/reitverein-tellingstedt.de\/wp-content\/uploads\/2025\/07\/e3917385-ae70-4fdb-bef7-c1a057fa1a79-300x225.jpg 300w, https:\/\/reitverein-tellingstedt.de\/wp-content\/uploads\/2025\/07\/e3917385-ae70-4fdb-bef7-c1a057fa1a79-768x576.jpg 768w, https:\/\/reitverein-tellingstedt.de\/wp-content\/uploads\/2025\/07\/e3917385-ae70-4fdb-bef7-c1a057fa1a79-1536x1152.jpg 1536w, https:\/\/reitverein-tellingstedt.de\/wp-content\/uploads\/2025\/07\/e3917385-ae70-4fdb-bef7-c1a057fa1a79-600x450.jpg 600w, https:\/\/reitverein-tellingstedt.de\/wp-content\/uploads\/2025\/07\/e3917385-ae70-4fdb-bef7-c1a057fa1a79.jpg 2016w\" sizes=\"(max-width: 800px) 100vw, 800px\" \/>\t\t\t\t\t\t\t\t\t\t\t\t\t\t\t<\/div>\n\t\t\t\t<\/div>\n\t\t\t\t<div class=\"elementor-element elementor-element-849c939 elementor-widget elementor-widget-image\" data-id=\"849c939\" data-element_type=\"widget\" data-e-type=\"widget\" data-widget_type=\"image.default\">\n\t\t\t\t<div class=\"elementor-widget-container\">\n\t\t\t\t\t\t\t\t\t\t\t\t\t\t\t<img decoding=\"async\" width=\"768\" height=\"1024\" src=\"https:\/\/reitverein-tellingstedt.de\/wp-content\/uploads\/2025\/07\/42c57828-08eb-491a-a8e0-87296748c4c8-768x1024.jpg\" class=\"attachment-large size-large wp-image-1608\" alt=\"\" srcset=\"https:\/\/reitverein-tellingstedt.de\/wp-content\/uploads\/2025\/07\/42c57828-08eb-491a-a8e0-87296748c4c8-768x1024.jpg 768w, https:\/\/reitverein-tellingstedt.de\/wp-content\/uploads\/2025\/07\/42c57828-08eb-491a-a8e0-87296748c4c8-225x300.jpg 225w, https:\/\/reitverein-tellingstedt.de\/wp-content\/uploads\/2025\/07\/42c57828-08eb-491a-a8e0-87296748c4c8-1152x1536.jpg 1152w, https:\/\/reitverein-tellingstedt.de\/wp-content\/uploads\/2025\/07\/42c57828-08eb-491a-a8e0-87296748c4c8-600x800.jpg 600w, https:\/\/reitverein-tellingstedt.de\/wp-content\/uploads\/2025\/07\/42c57828-08eb-491a-a8e0-87296748c4c8.jpg 1500w\" sizes=\"(max-width: 768px) 100vw, 768px\" \/>\t\t\t\t\t\t\t\t\t\t\t\t\t\t\t<\/div>\n\t\t\t\t<\/div>\n\t\t\t\t\t<\/div>\n\t\t<\/div>\n\t\t\t\t<div class=\"elementor-column elementor-col-50 elementor-top-column elementor-element elementor-element-09e1ed8\" data-id=\"09e1ed8\" data-element_type=\"column\" data-e-type=\"column\">\n\t\t\t<div class=\"elementor-widget-wrap elementor-element-populated\">\n\t\t\t\t\t\t<div class=\"elementor-element elementor-element-6e666aa elementor-widget elementor-widget-heading\" data-id=\"6e666aa\" data-element_type=\"widget\" data-e-type=\"widget\" data-widget_type=\"heading.default\">\n\t\t\t\t<div class=\"elementor-widget-container\">\n\t\t\t\t\t<h2 class=\"elementor-heading-title elementor-size-default\">Bitte vor Buchung lesen:<\/h2>\t\t\t\t<\/div>\n\t\t\t\t<\/div>\n\t\t\t\t<div class=\"elementor-element elementor-element-aed70ae elementor-widget elementor-widget-text-editor\" data-id=\"aed70ae\" data-element_type=\"widget\" data-e-type=\"widget\" data-widget_type=\"text-editor.default\">\n\t\t\t\t<div class=\"elementor-widget-container\">\n\t\t\t\t\t\t\t\t\t<p>Wir freuen uns, dass Du unseren Gel\u00e4ndepark buchen m\u00f6chtest.<\/p><p>Bitte lese Dir vorab unsere Informationen zum Gel\u00e4ndepark durch.<\/p><p>Die Onlinebuchung kann bis zu f\u00fcnf Reiter pro Zeit erfassen. M\u00f6chtest Du mit einer gr\u00f6\u00dferen Gruppe kommen, dann (und ausschlie\u00dflich dann) melde Dich bitte unter folgender Nummer an: 0157-32459431.<\/p><p>Hast du eine Zeit ausgew\u00e4hlt und auf &#8222;Buchen&#8220; geklickt, dann ist die Buchung zun\u00e4chst im Warenkorb. Zum Abschlie\u00dfen der Buchung gehe bitte in den Warenkorb.<\/p><p>Du erh\u00e4ltst nach Buchungsabschluss eine Buchungsbest\u00e4tigung auf Deine angegebende Emailadresse. Au\u00dferdem bekommst Du ca. 24h vor Buchungsbeginn eine Buchungserinnerung mit dem aktuellen Zahlencode f\u00fcr das Gel\u00e4ndeschloss. Es ist also wichtig, dass Du Dich unter <span style=\"color: var( --e-global-color-text ); font-family: var( --e-global-typography-text-font-family ), Sans-serif; font-size: var( --e-global-typography-text-font-size ); font-weight: var( --e-global-typography-text-font-weight );\">0157-32459431 meldest, solltest Du keine Buchungsbest\u00e4tigung bekommen haben. Es wird dann die Buchungserinnerung mit dem Code auch nicht ankommen. Oft landet die Email im SPAMORDNER, schaue also unbedingt dort nach, ob die Mail dort gelandet ist.<\/span><\/p><p><span style=\"color: var( --e-global-color-text ); font-family: var( --e-global-typography-text-font-family ), Sans-serif; font-size: var( --e-global-typography-text-font-size ); font-weight: var( --e-global-typography-text-font-weight );\">Der Gel\u00e4ndepark befindet sich zwischen dem Grashofweg, Tellingstedt und der Krim, Schalkholz. Du findest ihn auch \u00fcber Googlemaps unter &#8222;Gel\u00e4ndepark Tellingstedt\/Westerborstel&#8220;.<\/span><\/p><p><span style=\"color: var( --e-global-color-text ); font-family: var( --e-global-typography-text-font-family ), Sans-serif; font-size: var( --e-global-typography-text-font-size ); font-weight: var( --e-global-typography-text-font-weight );\">Parken kannst Du direkt auf dem Gel\u00e4nde. Bitte keine Pferde\u00e4ppel und sonstigen Unrat dort hinterlassen.<\/span><\/p><p><span style=\"color: var( --e-global-color-text ); font-family: var( --e-global-typography-text-font-family ), Sans-serif; font-size: var( --e-global-typography-text-font-size ); font-weight: var( --e-global-typography-text-font-weight );\">Hunde sind an der Leine zu f\u00fchren, sobald Pferde auf dem Platz sind.<\/span><\/p><p><span style=\"color: var( --e-global-color-text ); font-family: var( --e-global-typography-text-font-family ), Sans-serif; font-size: var( --e-global-typography-text-font-size ); font-weight: var( --e-global-typography-text-font-weight );\">F\u00fcr die Nutzung des Platzes ist das Tragen eines 3-Punkt-Reithelmes und einer Level 3 Sicherheitsweste vorgeschrieben.<\/span><\/p><p><span style=\"color: var( --e-global-color-text ); font-family: var( --e-global-typography-text-font-family ), Sans-serif; font-size: var( --e-global-typography-text-font-size ); font-weight: var( --e-global-typography-text-font-weight );\">Zu Deiner eigenen Sicherheit sollte immer eine Begleitperson anwesend sein.<\/span><\/p><p><span style=\"color: var( --e-global-color-text ); font-family: var( --e-global-typography-text-font-family ), Sans-serif; font-size: var( --e-global-typography-text-font-size ); font-weight: var( --e-global-typography-text-font-weight );\">Sollte es zu Problemen kommen oder auch ein Hindernis mal ausversehen besch\u00e4digt werden, melde es unter\u00a0<\/span><span style=\"color: var( --e-global-color-text ); font-family: var( --e-global-typography-text-font-family ), Sans-serif; font-size: var( --e-global-typography-text-font-size ); font-weight: var( --e-global-typography-text-font-weight );\">0157-32459431.<\/span><\/p><p>Alles verstanden? Dann kann es ja weitergehen. \ud83d\ude09<\/p>\t\t\t\t\t\t\t\t<\/div>\n\t\t\t\t<\/div>\n\t\t\t\t<div class=\"elementor-element elementor-element-94ff81b elementor-align-center elementor-widget elementor-widget-button\" data-id=\"94ff81b\" data-element_type=\"widget\" data-e-type=\"widget\" data-widget_type=\"button.default\">\n\t\t\t\t<div class=\"elementor-widget-container\">\n\t\t\t\t\t\t\t\t\t<div class=\"elementor-button-wrapper\">\n\t\t\t\t\t<a class=\"elementor-button elementor-button-link elementor-size-sm\" href=\"https:\/\/reitverein-tellingstedt.de\/index.php\/buchung-reitplatz\/\">\n\t\t\t\t\t\t<span class=\"elementor-button-content-wrapper\">\n\t\t\t\t\t\t\t\t\t<span class=\"elementor-button-text\">Weiter zur Buchung<\/span>\n\t\t\t\t\t<\/span>\n\t\t\t\t\t<\/a>\n\t\t\t\t<\/div>\n\t\t\t\t\t\t\t\t<\/div>\n\t\t\t\t<\/div>\n\t\t\t\t\t<\/div>\n\t\t<\/div>\n\t\t\t\t\t<\/div>\n\t\t<\/section>\n\t\t\t\t<\/div>\n\t\t","protected":false},"excerpt":{"rendered":"<p>Bitte vor Buchung lesen: Wir freuen uns, dass Du unseren Gel\u00e4ndepark buchen m\u00f6chtest. Bitte lese Dir vorab unsere Informationen zum Gel\u00e4ndepark durch. Die Onlinebuchung kann bis zu f\u00fcnf Reiter pro Zeit erfassen. M\u00f6chtest Du mit einer gr\u00f6\u00dferen Gruppe kommen, dann (und ausschlie\u00dflich dann) melde Dich bitte unter folgender Nummer an: 0157-32459431. Hast du eine Zeit [&hellip;]<\/p>\n","protected":false},"author":2,"featured_media":0,"parent":0,"menu_order":0,"comment_status":"closed","ping_status":"closed","template":"","meta":{"footnotes":""},"class_list":["post-790","page","type-page","status-publish","hentry"],"_links":{"self":[{"href":"https:\/\/reitverein-tellingstedt.de\/index.php\/wp-json\/wp\/v2\/pages\/790","targetHints":{"allow":["GET"]}}],"collection":[{"href":"https:\/\/reitverein-tellingstedt.de\/index.php\/wp-json\/wp\/v2\/pages"}],"about":[{"href":"https:\/\/reitverein-tellingstedt.de\/index.php\/wp-json\/wp\/v2\/types\/page"}],"author":[{"embeddable":true,"href":"https:\/\/reitverein-tellingstedt.de\/index.php\/wp-json\/wp\/v2\/users\/2"}],"replies":[{"embeddable":true,"href":"https:\/\/reitverein-tellingstedt.de\/index.php\/wp-json\/wp\/v2\/comments?post=790"}],"version-history":[{"count":31,"href":"https:\/\/reitverein-tellingstedt.de\/index.php\/wp-json\/wp\/v2\/pages\/790\/revisions"}],"predecessor-version":[{"id":1637,"href":"https:\/\/reitverein-tellingstedt.de\/index.php\/wp-json\/wp\/v2\/pages\/790\/revisions\/1637"}],"wp:attachment":[{"href":"https:\/\/reitverein-tellingstedt.de\/index.php\/wp-json\/wp\/v2\/media?parent=790"}],"curies":[{"name":"wp","href":"https:\/\/api.w.org\/{rel}","templated":true}]}}